{"id":4608,"date":"2021-11-04T22:47:50","date_gmt":"2021-11-05T01:47:50","guid":{"rendered":"https:\/\/homologawpnivel.jatweb.info\/site\/nivel-home-2\/"},"modified":"2022-09-21T16:57:55","modified_gmt":"2022-09-21T19:57:55","slug":"nivel-home-2","status":"publish","type":"page","link":"https:\/\/nivel.com.br\/site\/","title":{"rendered":"N\u00edvel Home"},"content":{"rendered":"\t\t<div data-elementor-type=\"wp-page\" data-elementor-id=\"4608\" class=\"elementor elementor-4608\">\n\t\t\t\t\t\t\t\t\t<section class=\"elementor-section elementor-top-section elementor-element elementor-element-209ac9c9 elementor-section-full_width elementor-section-height-default elementor-section-height-default\" data-id=\"209ac9c9\" data-element_type=\"section\" data-settings=\"{&quot;background_background&quot;:&quot;classic&quot;}\">\n\t\t\t\t\t\t\t<div class=\"elementor-background-overlay\"><\/div>\n\t\t\t\t\t\t\t<div class=\"elementor-container elementor-column-gap-default\">\n\t\t\t\t\t<div class=\"elementor-column elementor-col-50 elementor-top-column elementor-element elementor-element-2f16c524\" data-id=\"2f16c524\" data-element_type=\"column\" data-settings=\"{&quot;background_background&quot;:&quot;classic&quot;}\">\n\t\t\t<div class=\"elementor-widget-wrap elementor-element-populated\">\n\t\t\t\t\t<div class=\"elementor-background-overlay\"><\/div>\n\t\t\t\t\t\t\t\t<div class=\"elementor-element elementor-element-7dbbc35d elementor-widget elementor-widget-image\" data-id=\"7dbbc35d\" data-element_type=\"widget\" data-widget_type=\"image.default\">\n\t\t\t\t<div class=\"elementor-widget-container\">\n\t\t\t<style>\/*! elementor - v3.7.7 - 20-09-2022 *\/\n.elementor-widget-image{text-align:center}.elementor-widget-image a{display:inline-block}.elementor-widget-image a img[src$=\".svg\"]{width:48px}.elementor-widget-image img{vertical-align:middle;display:inline-block}<\/style>\t\t\t\t\t\t\t\t\t\t\t\t<img loading=\"lazy\" decoding=\"async\" width=\"640\" height=\"799\" src=\"https:\/\/nivel.com.br\/site\/wp-content\/uploads\/2021\/11\/tela-inicial-nivel-2-820x1024.png\" class=\"attachment-large size-large\" alt=\"\" srcset=\"https:\/\/nivel.com.br\/site\/wp-content\/uploads\/2021\/11\/tela-inicial-nivel-2-820x1024.png 820w, https:\/\/nivel.com.br\/site\/wp-content\/uploads\/2021\/11\/tela-inicial-nivel-2-240x300.png 240w, https:\/\/nivel.com.br\/site\/wp-content\/uploads\/2021\/11\/tela-inicial-nivel-2-768x959.png 768w, https:\/\/nivel.com.br\/site\/wp-content\/uploads\/2021\/11\/tela-inicial-nivel-2.png 1080w\" sizes=\"auto, (max-width: 640px) 100vw, 640px\" \/>\t\t\t\t\t\t\t\t\t\t\t\t\t\t\t<\/div>\n\t\t\t\t<\/div>\n\t\t\t\t\t<\/div>\n\t\t<\/div>\n\t\t\t\t<div class=\"elementor-column elementor-col-50 elementor-top-column elementor-element elementor-element-12acc64b\" data-id=\"12acc64b\" data-element_type=\"column\">\n\t\t\t<div class=\"elementor-widget-wrap elementor-element-populated\">\n\t\t\t\t\t\t\t\t<div class=\"elementor-element elementor-element-71a99d50 elementor-widget elementor-widget-heading generic-elements heading\" data-id=\"71a99d50\" data-element_type=\"widget\" data-widget_type=\"heading.default\">\n\t\t\t\t<div class=\"elementor-widget-container\">\n\t\t\t<style>\/*! elementor - v3.7.7 - 20-09-2022 *\/\n.elementor-heading-title{padding:0;margin:0;line-height:1}.elementor-widget-heading .elementor-heading-title[class*=elementor-size-]>a{color:inherit;font-size:inherit;line-height:inherit}.elementor-widget-heading .elementor-heading-title.elementor-size-small{font-size:15px}.elementor-widget-heading .elementor-heading-title.elementor-size-medium{font-size:19px}.elementor-widget-heading .elementor-heading-title.elementor-size-large{font-size:29px}.elementor-widget-heading .elementor-heading-title.elementor-size-xl{font-size:39px}.elementor-widget-heading .elementor-heading-title.elementor-size-xxl{font-size:59px}<\/style>        <div class=\"section_title generic-el-content\">\n            \n            <h3 class=\"elementor-inline-editing generic-el-title\" data-elementor-setting-key=\"title\">Seu dinheiro vale mais aqui.<\/h3>\n                    <\/div>\n\t\t<\/div>\n\t\t\t\t<\/div>\n\t\t\t\t<div class=\"elementor-element elementor-element-41fa1437 elementor-widget elementor-widget-text-editor\" data-id=\"41fa1437\" data-element_type=\"widget\" data-widget_type=\"text-editor.default\">\n\t\t\t\t<div class=\"elementor-widget-container\">\n\t\t\t<style>\/*! elementor - v3.7.7 - 20-09-2022 *\/\n.elementor-widget-text-editor.elementor-drop-cap-view-stacked .elementor-drop-cap{background-color:#818a91;color:#fff}.elementor-widget-text-editor.elementor-drop-cap-view-framed .elementor-drop-cap{color:#818a91;border:3px solid;background-color:transparent}.elementor-widget-text-editor:not(.elementor-drop-cap-view-default) .elementor-drop-cap{margin-top:8px}.elementor-widget-text-editor:not(.elementor-drop-cap-view-default) .elementor-drop-cap-letter{width:1em;height:1em}.elementor-widget-text-editor .elementor-drop-cap{float:left;text-align:center;line-height:1;font-size:50px}.elementor-widget-text-editor .elementor-drop-cap-letter{display:inline-block}<\/style>\t\t\t\t<h4>Com o N\u00edvel Cashback voc\u00ea tem v\u00e1rias formas de aumentar seu saldo e pode us\u00e1-lo como quiser.<\/h4>\t\t\t\t\t\t<\/div>\n\t\t\t\t<\/div>\n\t\t\t\t<section class=\"elementor-section elementor-inner-section elementor-element elementor-element-6752df9d elementor-section-full_width elementor-section-height-default elementor-section-height-default\" data-id=\"6752df9d\" data-element_type=\"section\">\n\t\t\t\t\t\t<div class=\"elementor-container elementor-column-gap-default\">\n\t\t\t\t\t<div class=\"elementor-column elementor-col-50 elementor-inner-column elementor-element elementor-element-1b8ac4e7\" data-id=\"1b8ac4e7\" data-element_type=\"column\">\n\t\t\t<div class=\"elementor-widget-wrap elementor-element-populated\">\n\t\t\t\t\t\t\t\t<div class=\"elementor-element elementor-element-79e60513 elementor-widget elementor-widget-eael-creative-button\" data-id=\"79e60513\" data-element_type=\"widget\" data-widget_type=\"eael-creative-button.default\">\n\t\t\t\t<div class=\"elementor-widget-container\">\n\t\t\t        <div class=\"eael-creative-button-wrapper\">\n\n            <a class=\"eael-creative-button eael-creative-button--winona\" href=\"https:\/\/play.google.com\/store\/apps\/details?id=com.fortmax.nivel2\" data-text=\"Download\">\n\n\t    \n                <div class=\"creative-button-inner\">\n\n                                            <span class=\"eael-creative-button-icon-left\"><i aria-hidden=\"true\" class=\"fab fa-google-play\"><\/i><\/span>                    \n                    <span class=\"cretive-button-text\">Play Store<\/span>\n\n                                    <\/div>\n\t                        <\/a>\n        <\/div>\n\t\t<\/div>\n\t\t\t\t<\/div>\n\t\t\t\t\t<\/div>\n\t\t<\/div>\n\t\t\t\t<div class=\"elementor-column elementor-col-50 elementor-inner-column elementor-element elementor-element-639a8271\" data-id=\"639a8271\" data-element_type=\"column\">\n\t\t\t<div class=\"elementor-widget-wrap elementor-element-populated\">\n\t\t\t\t\t\t\t\t<div class=\"elementor-element elementor-element-40a521ab elementor-widget elementor-widget-eael-creative-button\" data-id=\"40a521ab\" data-element_type=\"widget\" data-widget_type=\"eael-creative-button.default\">\n\t\t\t\t<div class=\"elementor-widget-container\">\n\t\t\t        <div class=\"eael-creative-button-wrapper\">\n\n            <a class=\"eael-creative-button eael-creative-button--winona\" href=\"https:\/\/apps.apple.com\/br\/app\/n\u00edvel-cashback\/id1177593192\" data-text=\"Download\">\n\n\t    \n                <div class=\"creative-button-inner\">\n\n                                            <span class=\"eael-creative-button-icon-left\"><i aria-hidden=\"true\" class=\"fab fa-apple\"><\/i><\/span>                    \n                    <span class=\"cretive-button-text\">App Store<\/span>\n\n                                    <\/div>\n\t                        <\/a>\n        <\/div>\n\t\t<\/div>\n\t\t\t\t<\/div>\n\t\t\t\t\t<\/div>\n\t\t<\/div>\n\t\t\t\t\t\t\t<\/div>\n\t\t<\/section>\n\t\t\t\t\t<\/div>\n\t\t<\/div>\n\t\t\t\t\t\t\t<\/div>\n\t\t<\/section>\n\t\t\t\t<section class=\"elementor-section elementor-top-section elementor-element elementor-element-731d3b77 elementor-section-full_width elementor-section-height-default elementor-section-height-default\" data-id=\"731d3b77\" data-element_type=\"section\" data-settings=\"{&quot;background_background&quot;:&quot;classic&quot;}\">\n\t\t\t\t\t\t<div class=\"elementor-container elementor-column-gap-no\">\n\t\t\t\t\t<div class=\"elementor-column elementor-col-100 elementor-top-column elementor-element elementor-element-70c8cb65\" data-id=\"70c8cb65\" data-element_type=\"column\">\n\t\t\t<div class=\"elementor-widget-wrap\">\n\t\t\t\t\t\t\t\t\t<\/div>\n\t\t<\/div>\n\t\t\t\t\t\t\t<\/div>\n\t\t<\/section>\n\t\t\t\t<section class=\"elementor-section elementor-top-section elementor-element elementor-element-c1b40eb elementor-section-boxed elementor-section-height-default elementor-section-height-default\" data-id=\"c1b40eb\" data-element_type=\"section\" data-settings=\"{&quot;background_background&quot;:&quot;classic&quot;}\">\n\t\t\t\t\t\t<div class=\"elementor-container elementor-column-gap-default\">\n\t\t\t\t\t<div class=\"elementor-column elementor-col-50 elementor-top-column elementor-element elementor-element-6696483\" data-id=\"6696483\" data-element_type=\"column\" data-settings=\"{&quot;background_background&quot;:&quot;classic&quot;}\">\n\t\t\t<div class=\"elementor-widget-wrap elementor-element-populated\">\n\t\t\t\t\t\t\t\t<div class=\"elementor-element elementor-element-ad94f21 elementor-invisible elementor-widget elementor-widget-image\" data-id=\"ad94f21\" data-element_type=\"widget\" data-settings=\"{&quot;_animation&quot;:&quot;fadeInLeft&quot;}\" data-widget_type=\"image.default\">\n\t\t\t\t<div class=\"elementor-widget-container\">\n\t\t\t\t\t\t\t\t\t\t\t\t\t\t\t<img loading=\"lazy\" decoding=\"async\" width=\"594\" height=\"1024\" src=\"https:\/\/nivel.com.br\/site\/wp-content\/uploads\/2021\/11\/maior-franquia-1-594x1024.png\" class=\"attachment-large size-large\" alt=\"\" srcset=\"https:\/\/nivel.com.br\/site\/wp-content\/uploads\/2021\/11\/maior-franquia-1-594x1024.png 594w, https:\/\/nivel.com.br\/site\/wp-content\/uploads\/2021\/11\/maior-franquia-1-174x300.png 174w, https:\/\/nivel.com.br\/site\/wp-content\/uploads\/2021\/11\/maior-franquia-1-768x1325.png 768w, https:\/\/nivel.com.br\/site\/wp-content\/uploads\/2021\/11\/maior-franquia-1.png 782w\" sizes=\"auto, (max-width: 594px) 100vw, 594px\" \/>\t\t\t\t\t\t\t\t\t\t\t\t\t\t\t<\/div>\n\t\t\t\t<\/div>\n\t\t\t\t\t<\/div>\n\t\t<\/div>\n\t\t\t\t<div class=\"elementor-column elementor-col-50 elementor-top-column elementor-element elementor-element-4d53e10\" data-id=\"4d53e10\" data-element_type=\"column\" data-settings=\"{&quot;background_background&quot;:&quot;classic&quot;}\">\n\t\t\t<div class=\"elementor-widget-wrap elementor-element-populated\">\n\t\t\t\t\t<div class=\"elementor-background-overlay\"><\/div>\n\t\t\t\t\t\t\t\t<div class=\"elementor-element elementor-element-ae5ddc9 elementor-widget elementor-widget-heading generic-elements heading\" data-id=\"ae5ddc9\" data-element_type=\"widget\" data-widget_type=\"heading.default\">\n\t\t\t\t<div class=\"elementor-widget-container\">\n\t\t\t        <div class=\"section_title generic-el-content\">\n            \n            <h3 class=\"elementor-inline-editing generic-el-title\" data-elementor-setting-key=\"title\">Pague suas compras com N\u00edvel Cashback.<\/h3>\n                    <\/div>\n\t\t<\/div>\n\t\t\t\t<\/div>\n\t\t\t\t<div class=\"elementor-element elementor-element-2f30399 elementor-widget elementor-widget-text-editor\" data-id=\"2f30399\" data-element_type=\"widget\" data-widget_type=\"text-editor.default\">\n\t\t\t\t<div class=\"elementor-widget-container\">\n\t\t\t\t\t\t\t<p>Chegou a hora de pagar tudo pelo app N\u00edvel. Fa\u00e7a pagamentos com seu saldo N\u00edvel utilizando o QR Code\u00a0 do estabelecimento cadastrado e ganhe cashback em todas as suas compras.<\/p>\t\t\t\t\t\t<\/div>\n\t\t\t\t<\/div>\n\t\t\t\t\t<\/div>\n\t\t<\/div>\n\t\t\t\t\t\t\t<\/div>\n\t\t<\/section>\n\t\t\t\t<section class=\"elementor-section elementor-top-section elementor-element elementor-element-5026450 elementor-section-full_width elementor-section-height-default elementor-section-height-default\" data-id=\"5026450\" data-element_type=\"section\" data-settings=\"{&quot;background_background&quot;:&quot;classic&quot;}\">\n\t\t\t\t\t\t<div class=\"elementor-container elementor-column-gap-default\">\n\t\t\t\t\t<div class=\"elementor-column elementor-col-50 elementor-top-column elementor-element elementor-element-172cac98\" data-id=\"172cac98\" data-element_type=\"column\" data-settings=\"{&quot;background_background&quot;:&quot;classic&quot;}\">\n\t\t\t<div class=\"elementor-widget-wrap elementor-element-populated\">\n\t\t\t\t\t\t\t\t<div class=\"elementor-element elementor-element-1c100301 elementor-widget elementor-widget-heading generic-elements heading\" data-id=\"1c100301\" data-element_type=\"widget\" data-widget_type=\"heading.default\">\n\t\t\t\t<div class=\"elementor-widget-container\">\n\t\t\t        <div class=\"section_title generic-el-content\">\n            \n            <h3 class=\"elementor-inline-editing generic-el-title\" data-elementor-setting-key=\"title\">Como ganhar cashback com o N\u00edvel?<\/h3>\n                    <\/div>\n\t\t<\/div>\n\t\t\t\t<\/div>\n\t\t\t\t<div class=\"elementor-element elementor-element-644a0a4b elementor-invisible elementor-widget elementor-widget-text-editor\" data-id=\"644a0a4b\" data-element_type=\"widget\" data-settings=\"{&quot;_animation&quot;:&quot;fadeInRight&quot;,&quot;_animation_delay&quot;:400}\" data-widget_type=\"text-editor.default\">\n\t\t\t\t<div class=\"elementor-widget-container\">\n\t\t\t\t\t\t\t<h5><strong>Com nosso app voc\u00ea n\u00e3o precisa escanear notas fiscais para ganhar cashback.<\/strong><\/h5><h5>Voc\u00ea pode comprar nas Lojas Premium, que est\u00e3o no app, de qualquer lugar do Brasil \u00a0e ganhar muito cashback ou convidar, atrav\u00e9s da fun\u00e7\u00e3o <strong>Pague e Ganhe<\/strong>, qualquer empresa para receber com N\u00edvel e ganhar 1% de dinheiro de volta nas suas compras.<\/h5>\t\t\t\t\t\t<\/div>\n\t\t\t\t<\/div>\n\t\t\t\t<div class=\"elementor-element elementor-element-e9fda19 elementor-mobile-align-left elementor-widget elementor-widget-button\" data-id=\"e9fda19\" data-element_type=\"widget\" data-widget_type=\"button.default\">\n\t\t\t\t<div class=\"elementor-widget-container\">\n\t\t\t\t\t<div class=\"elementor-button-wrapper\">\n\t\t\t<a href=\"https:\/\/youtu.be\/4TEG48ebxJQ\" class=\"elementor-button-link elementor-button elementor-size-lg elementor-animation-grow\" role=\"button\">\n\t\t\t\t\t\t<span class=\"elementor-button-content-wrapper\">\n\t\t\t\t\t\t\t<span class=\"elementor-button-icon elementor-align-icon-left\">\n\t\t\t\t<i aria-hidden=\"true\" class=\"far fa-play-circle\"><\/i>\t\t\t<\/span>\n\t\t\t\t\t\t<span class=\"elementor-button-text\">Assistir V\u00eddeo<\/span>\n\t\t<\/span>\n\t\t\t\t\t<\/a>\n\t\t<\/div>\n\t\t\t\t<\/div>\n\t\t\t\t<\/div>\n\t\t\t\t\t<\/div>\n\t\t<\/div>\n\t\t\t\t<div class=\"elementor-column elementor-col-50 elementor-top-column elementor-element elementor-element-2d66ecbc elementor-invisible\" data-id=\"2d66ecbc\" data-element_type=\"column\" data-settings=\"{&quot;background_background&quot;:&quot;classic&quot;,&quot;animation&quot;:&quot;zoomInLeft&quot;}\">\n\t\t\t<div class=\"elementor-widget-wrap elementor-element-populated\">\n\t\t\t\t\t\t\t\t<div class=\"elementor-element elementor-element-47b42882 elementor-widget elementor-widget-image\" data-id=\"47b42882\" data-element_type=\"widget\" data-widget_type=\"image.default\">\n\t\t\t\t<div class=\"elementor-widget-container\">\n\t\t\t\t\t\t\t\t\t\t\t\t\t\t\t<img loading=\"lazy\" decoding=\"async\" width=\"640\" height=\"799\" src=\"https:\/\/nivel.com.br\/site\/wp-content\/uploads\/2021\/11\/cofrinho-digital-cashback-1-820x1024.png\" class=\"attachment-large size-large\" alt=\"\" srcset=\"https:\/\/nivel.com.br\/site\/wp-content\/uploads\/2021\/11\/cofrinho-digital-cashback-1-820x1024.png 820w, https:\/\/nivel.com.br\/site\/wp-content\/uploads\/2021\/11\/cofrinho-digital-cashback-1-240x300.png 240w, https:\/\/nivel.com.br\/site\/wp-content\/uploads\/2021\/11\/cofrinho-digital-cashback-1-768x959.png 768w, https:\/\/nivel.com.br\/site\/wp-content\/uploads\/2021\/11\/cofrinho-digital-cashback-1.png 900w\" sizes=\"auto, (max-width: 640px) 100vw, 640px\" \/>\t\t\t\t\t\t\t\t\t\t\t\t\t\t\t<\/div>\n\t\t\t\t<\/div>\n\t\t\t\t\t<\/div>\n\t\t<\/div>\n\t\t\t\t\t\t\t<\/div>\n\t\t<\/section>\n\t\t\t\t<section class=\"elementor-section elementor-top-section elementor-element elementor-element-19500c93 elementor-section-full_width elementor-section-height-default elementor-section-height-default\" data-id=\"19500c93\" data-element_type=\"section\" data-settings=\"{&quot;background_background&quot;:&quot;classic&quot;}\">\n\t\t\t\t\t\t<div class=\"elementor-container elementor-column-gap-default\">\n\t\t\t\t\t<div class=\"elementor-column elementor-col-50 elementor-top-column elementor-element elementor-element-68d87\" data-id=\"68d87\" data-element_type=\"column\" data-settings=\"{&quot;background_background&quot;:&quot;classic&quot;}\">\n\t\t\t<div class=\"elementor-widget-wrap elementor-element-populated\">\n\t\t\t\t\t<div class=\"elementor-background-overlay\"><\/div>\n\t\t\t\t\t\t\t\t<div class=\"elementor-element elementor-element-5219a505 elementor-widget elementor-widget-heading generic-elements heading\" data-id=\"5219a505\" data-element_type=\"widget\" data-widget_type=\"heading.default\">\n\t\t\t\t<div class=\"elementor-widget-container\">\n\t\t\t        <div class=\"section_title generic-el-content\">\n            \n            <h3 class=\"elementor-inline-editing generic-el-title\" data-elementor-setting-key=\"title\">Fa\u00e7a check-in utilizando o<\/br> QR Code do estabelecimento<\/br> e pe\u00e7a o seu cashback.<\/h3>\n                    <\/div>\n\t\t<\/div>\n\t\t\t\t<\/div>\n\t\t\t\t\t<\/div>\n\t\t<\/div>\n\t\t\t\t<div class=\"elementor-column elementor-col-50 elementor-top-column elementor-element elementor-element-7048969d elementor-invisible\" data-id=\"7048969d\" data-element_type=\"column\" data-settings=\"{&quot;background_background&quot;:&quot;classic&quot;,&quot;animation&quot;:&quot;bounceInUp&quot;}\">\n\t\t\t<div class=\"elementor-widget-wrap elementor-element-populated\">\n\t\t\t\t\t<div class=\"elementor-background-overlay\"><\/div>\n\t\t\t\t\t\t\t\t<div class=\"elementor-element elementor-element-5918fc1e elementor-aspect-ratio-169 elementor-widget elementor-widget-video\" data-id=\"5918fc1e\" data-element_type=\"widget\" data-settings=\"{&quot;youtube_url&quot;:&quot;https:\\\/\\\/youtu.be\\\/ie7bCIS3SkA&quot;,&quot;video_type&quot;:&quot;youtube&quot;,&quot;controls&quot;:&quot;yes&quot;,&quot;aspect_ratio&quot;:&quot;169&quot;}\" data-widget_type=\"video.default\">\n\t\t\t\t<div class=\"elementor-widget-container\">\n\t\t\t<style>\/*! elementor - v3.7.7 - 20-09-2022 *\/\n.elementor-widget-video .elementor-widget-container{overflow:hidden;-webkit-transform:translateZ(0);transform:translateZ(0)}.elementor-widget-video .elementor-open-inline .elementor-custom-embed-image-overlay{position:absolute;top:0;left:0;width:100%;height:100%;background-size:cover;background-position:50%}.elementor-widget-video .elementor-custom-embed-image-overlay{cursor:pointer;text-align:center}.elementor-widget-video .elementor-custom-embed-image-overlay:hover .elementor-custom-embed-play i{opacity:1}.elementor-widget-video .elementor-custom-embed-image-overlay img{display:block;width:100%}.elementor-widget-video .e-hosted-video .elementor-video{-o-object-fit:cover;object-fit:cover}.e-container>.elementor-widget-video{width:var(--container-widget-width,100%)}<\/style>\t\t<div class=\"elementor-wrapper elementor-fit-aspect-ratio elementor-open-inline\">\n\t\t\t<div class=\"elementor-video\"><\/div>\t\t<\/div>\n\t\t\t\t<\/div>\n\t\t\t\t<\/div>\n\t\t\t\t\t<\/div>\n\t\t<\/div>\n\t\t\t\t\t\t\t<\/div>\n\t\t<\/section>\n\t\t\t\t<section class=\"elementor-section elementor-top-section elementor-element elementor-element-169d10f3 elementor-section-full_width elementor-section-height-default elementor-section-height-default\" data-id=\"169d10f3\" data-element_type=\"section\">\n\t\t\t\t\t\t<div class=\"elementor-container elementor-column-gap-default\">\n\t\t\t\t\t<div class=\"elementor-column elementor-col-100 elementor-top-column elementor-element elementor-element-268e4006\" data-id=\"268e4006\" data-element_type=\"column\">\n\t\t\t<div class=\"elementor-widget-wrap elementor-element-populated\">\n\t\t\t\t\t\t\t\t<div class=\"elementor-element elementor-element-6536b26 elementor-widget elementor-widget-html\" data-id=\"6536b26\" data-element_type=\"widget\" data-widget_type=\"html.default\">\n\t\t\t\t<div class=\"elementor-widget-container\">\n\t\t\t\r\n<div id=\"sb_instagram\"  class=\"sbi sbi_mob_col_1 sbi_tab_col_2 sbi_col_3 sbi_width_resp\" style=\"padding-bottom: 10px;width: 100%;height: 100%;\" data-feedid=\"sbi_17841405869970892#9\"  data-res=\"auto\" data-cols=\"3\" data-colsmobile=\"1\" data-colstablet=\"2\" data-num=\"9\" data-nummobile=\"\" data-shortcode-atts=\"{&quot;num&quot;:&quot;9&quot;,&quot;cols&quot;:&quot;3&quot;,&quot;width&quot;:&quot;100&quot;,&quot;height&quot;:&quot;100&quot;}\"  data-postid=\"4608\" data-locatornonce=\"01025197b1\" data-sbi-flags=\"favorLocal,gdpr\">\r\n\t\r\n    <div id=\"sbi_images\"  style=\"padding: 5px;\">\r\n\t\t    <\/div>\r\n\r\n\t<div id=\"sbi_load\" >\r\n\r\n\t\r\n\t\r\n<\/div>\r\n\r\n\t    <span class=\"sbi_resized_image_data\" data-feed-id=\"sbi_17841405869970892#9\" data-resized=\"[]\">\n\t<\/span>\n\t<\/div>\r\n\r\n\t\t<\/div>\n\t\t\t\t<\/div>\n\t\t\t\t\t<\/div>\n\t\t<\/div>\n\t\t\t\t\t\t\t<\/div>\n\t\t<\/section>\n\t\t\t\t\t\t\t<\/div>\n\t\t","protected":false},"excerpt":{"rendered":"<p>Seu dinheiro vale mais aqui. Com o N\u00edvel Cashback voc\u00ea tem v\u00e1rias formas de aumentar seu saldo e pode us\u00e1-lo como quiser. Play Store App Store Pague suas compras com N\u00edvel Cashback. Chegou a hora de pagar tudo pelo app N\u00edvel. Fa\u00e7a pagamentos com seu saldo N\u00edvel utilizando o QR Code\u00a0 do estabelecimento cadastrado e [&hellip;]<\/p>\n","protected":false},"author":1,"featured_media":4449,"parent":0,"menu_order":0,"comment_status":"closed","ping_status":"closed","template":"elementor_header_footer","meta":{"footnotes":""},"class_list":["post-4608","page","type-page","status-publish","has-post-thumbnail","hentry"],"acf":[],"_links":{"self":[{"href":"https:\/\/nivel.com.br\/site\/index.php?rest_route=\/wp\/v2\/pages\/4608","targetHints":{"allow":["GET"]}}],"collection":[{"href":"https:\/\/nivel.com.br\/site\/index.php?rest_route=\/wp\/v2\/pages"}],"about":[{"href":"https:\/\/nivel.com.br\/site\/index.php?rest_route=\/wp\/v2\/types\/page"}],"author":[{"embeddable":true,"href":"https:\/\/nivel.com.br\/site\/index.php?rest_route=\/wp\/v2\/users\/1"}],"replies":[{"embeddable":true,"href":"https:\/\/nivel.com.br\/site\/index.php?rest_route=%2Fwp%2Fv2%2Fcomments&post=4608"}],"version-history":[{"count":65,"href":"https:\/\/nivel.com.br\/site\/index.php?rest_route=\/wp\/v2\/pages\/4608\/revisions"}],"predecessor-version":[{"id":5652,"href":"https:\/\/nivel.com.br\/site\/index.php?rest_route=\/wp\/v2\/pages\/4608\/revisions\/5652"}],"wp:featuredmedia":[{"embeddable":true,"href":"https:\/\/nivel.com.br\/site\/index.php?rest_route=\/wp\/v2\/media\/4449"}],"wp:attachment":[{"href":"https:\/\/nivel.com.br\/site\/index.php?rest_route=%2Fwp%2Fv2%2Fmedia&parent=4608"}],"curies":[{"name":"wp","href":"https:\/\/api.w.org\/{rel}","templated":true}]}}