{"id":2564,"date":"2021-09-14T08:55:38","date_gmt":"2021-09-14T11:55:38","guid":{"rendered":"https:\/\/niveldelivery2.builderallwp.com\/?page_id=2564"},"modified":"2021-11-05T20:23:33","modified_gmt":"2021-11-05T23:23:33","slug":"politica-de-cookies","status":"publish","type":"page","link":"https:\/\/nivel.com.br\/site\/?page_id=2564","title":{"rendered":"Pol\u00ed\u00adtica de Cookies"},"content":{"rendered":"\t\t<div data-elementor-type=\"wp-page\" data-elementor-id=\"2564\" class=\"elementor elementor-2564\">\n\t\t\t\t\t\t\t\t\t<section class=\"elementor-section elementor-top-section elementor-element elementor-element-df7fe91 elementor-section-full_width elementor-section-height-default elementor-section-height-default\" data-id=\"df7fe91\" data-element_type=\"section\" data-settings=\"{&quot;background_background&quot;:&quot;classic&quot;}\">\n\t\t\t\t\t\t\t<div class=\"elementor-background-overlay\"><\/div>\n\t\t\t\t\t\t\t<div class=\"elementor-container elementor-column-gap-default\">\n\t\t\t\t\t<div class=\"elementor-column elementor-col-100 elementor-top-column elementor-element elementor-element-206ea80\" data-id=\"206ea80\" data-element_type=\"column\">\n\t\t\t<div class=\"elementor-widget-wrap elementor-element-populated\">\n\t\t\t\t\t\t\t\t<div class=\"elementor-element elementor-element-a70d9a0 elementor-widget elementor-widget-image\" data-id=\"a70d9a0\" data-element_type=\"widget\" data-widget_type=\"image.default\">\n\t\t\t\t<div class=\"elementor-widget-container\">\n\t\t\t<style>\/*! elementor - v3.7.7 - 20-09-2022 *\/\n.elementor-widget-image{text-align:center}.elementor-widget-image a{display:inline-block}.elementor-widget-image a img[src$=\".svg\"]{width:48px}.elementor-widget-image img{vertical-align:middle;display:inline-block}<\/style>\t\t\t\t\t\t\t\t\t\t\t\t<img loading=\"lazy\" decoding=\"async\" width=\"556\" height=\"325\" src=\"https:\/\/nivel.com.br\/site\/wp-content\/uploads\/2021\/11\/17-cashback.png\" class=\"attachment-large size-large\" alt=\"\" srcset=\"https:\/\/nivel.com.br\/site\/wp-content\/uploads\/2021\/11\/17-cashback.png 556w, https:\/\/nivel.com.br\/site\/wp-content\/uploads\/2021\/11\/17-cashback-300x175.png 300w\" sizes=\"auto, (max-width: 556px) 100vw, 556px\" \/>\t\t\t\t\t\t\t\t\t\t\t\t\t\t\t<\/div>\n\t\t\t\t<\/div>\n\t\t\t\t\t<\/div>\n\t\t<\/div>\n\t\t\t\t\t\t\t<\/div>\n\t\t<\/section>\n\t\t\t\t<section class=\"elementor-section elementor-top-section elementor-element elementor-element-1881df90 elementor-section-full_width elementor-section-height-default elementor-section-height-default\" data-id=\"1881df90\" data-element_type=\"section\">\n\t\t\t\t\t\t<div class=\"elementor-container elementor-column-gap-default\">\n\t\t\t\t\t<div class=\"elementor-column elementor-col-100 elementor-top-column elementor-element elementor-element-5cf9459a\" data-id=\"5cf9459a\" data-element_type=\"column\">\n\t\t\t<div class=\"elementor-widget-wrap elementor-element-populated\">\n\t\t\t\t\t\t\t\t<div class=\"elementor-element elementor-element-64e4ed18 elementor-widget elementor-widget-text-editor\" data-id=\"64e4ed18\" data-element_type=\"widget\" data-widget_type=\"text-editor.default\">\n\t\t\t\t<div class=\"elementor-widget-container\">\n\t\t\t<style>\/*! elementor - v3.7.7 - 20-09-2022 *\/\n.elementor-widget-text-editor.elementor-drop-cap-view-stacked .elementor-drop-cap{background-color:#818a91;color:#fff}.elementor-widget-text-editor.elementor-drop-cap-view-framed .elementor-drop-cap{color:#818a91;border:3px solid;background-color:transparent}.elementor-widget-text-editor:not(.elementor-drop-cap-view-default) .elementor-drop-cap{margin-top:8px}.elementor-widget-text-editor:not(.elementor-drop-cap-view-default) .elementor-drop-cap-letter{width:1em;height:1em}.elementor-widget-text-editor .elementor-drop-cap{float:left;text-align:center;line-height:1;font-size:50px}.elementor-widget-text-editor .elementor-drop-cap-letter{display:inline-block}<\/style>\t\t\t\t<div class=\"cli_pg_page_contaner\">\n<h2 style=\"color:#1261a6; font-weight:900; font-size:2em;\">Pol\u00edtica de cookies<\/h2>\n<div>Esta Pol\u00edtica de Cookies explica o que s\u00e3o cookies e como os utilizamos, os tipos de cookies que utilizamos, ou seja, as informa\u00e7\u00f5es que recolhemos utilizando cookies e como essas informa\u00e7\u00f5es s\u00e3o utilizadas, e como controlar as prefer\u00eancias dos cookies. Para mais informa\u00e7\u00f5es sobre como utilizamos, armazenamos e mantemos os seus dados pessoais seguros, consulte a nossa Pol\u00edtica de Privacidade.Pode, a qualquer momento, alterar ou retirar o seu consentimento da Declara\u00e7\u00e3o de Cookie no nosso websiteSaiba mais sobre quem somos, como pode contactar-nos, e como processamos dados pessoais na nossa Pol\u00edtica de Privacidade.O seu consentimento aplica-se aos seguintes dom\u00ednios: https:\/\/nivel.com.br<\/div>\n<div><div class=\"cli_user_consent_state\">Seu estado atual: N\u00e3o foi dado consentimento. <a class=\"cli_manage_current_consent\" style=\"cursor:pointer;text-decoration:underline;\">Gerenciar consentimento.<\/a> <\/div><\/div>\n<\/br>\n<h2 style=\"color:#1261a6; font-weight:900; font-size:2em;\">O que s\u00e3o cookies?<\/h2>\nOs cookies s\u00e3o pequenos ficheiros de texto que s\u00e3o utilizados para armazenar pequenas pe\u00e7as de informa\u00e7\u00e3o. S\u00e3o armazenados no seu dispositivo quando o website \u00e9 carregado no seu browser. Estes cookies ajudam-nos a fazer o website funcionar correctamente, torn\u00e1-lo mais seguro, proporcionar uma melhor experi\u00eancia ao utilizador, e compreender como o website funciona e analisar o que funciona e onde precisa de ser melhorado.\n<\/br><\/br>\n<h2 style=\"color:#1261a6; font-weight:900; font-size:2em;\">Como utilizamos os cookies?<\/h2>\nComo a maioria dos servi\u00e7os em linha, o nosso website utiliza cookies de primeira m\u00e3o e de terceiros para diversos fins. Os cookies de primeira parte s\u00e3o sobretudo necess\u00e1rios para que o website funcione correctamente, e n\u00e3o recolhem quaisquer dos seus dados pessoais identific\u00e1veis.\n\nOs cookies de terceiros utilizados no nosso website servem principalmente para compreender o modo como o website funciona, como interage com o nosso website, mantendo os nossos servi\u00e7os seguros, fornecendo an\u00fancios que s\u00e3o relevantes para si e, em suma, proporcionando-lhe uma melhor e melhor experi\u00eancia de utilizador e ajudando a acelerar as suas futuras interac\u00e7\u00f5es com o nosso website.\n<\/br><\/br>\n<h2 style=\"color:#1261a6; font-weight:900; font-size:2em;\">Que tipos de cookies utilizamos?<\/h2>\n<strong>Essenciais:<\/strong> Alguns cookies s\u00e3o essenciais para que possa experimentar a plena funcionalidade do nosso s\u00edtio. Permitem-nos manter as sess\u00f5es dos utilizadores e prevenir quaisquer amea\u00e7as \u00e0 seguran\u00e7a. N\u00e3o recolhem nem armazenam qualquer informa\u00e7\u00e3o pessoal. Por exemplo, estes cookies permitem-lhe entrar na sua conta e adicionar produtos ao seu cesto, e fazer o checkout de forma segura.\n<\/br>\n<strong>Estat\u00edsticas:<\/strong> Estes cookies armazenam informa\u00e7\u00f5es como o n\u00famero de visitantes do website, o n\u00famero de visitantes \u00fanicos, quais as p\u00e1ginas do website que foram visitadas, a fonte da visita, etc. Estes dados ajudam-nos a compreender e analisar o bom desempenho do website e onde precisa de ser melhorado.\n<\/br>\n<strong>Marketing:<\/strong> O nosso s\u00edtio Web exibe an\u00fancios publicit\u00e1rios. Estes cookies s\u00e3o utilizados para personalizar os an\u00fancios que lhe mostramos de modo a que tenham significado para si. Estes cookies tamb\u00e9m nos ajudam a acompanhar a efici\u00eancia destas campanhas publicit\u00e1rias.\nAs informa\u00e7\u00f5es armazenadas nestes cookies tamb\u00e9m podem ser utilizadas pelos fornecedores de an\u00fancios de terceiros para mostrar-lhe an\u00fancios em outros websites no browser.\n<\/br>\n<strong>Funcionais:<\/strong> Estes s\u00e3o os cookies que ajudam certas funcionalidades n\u00e3o essenciais no nosso website. Estas funcionalidades incluem a incorpora\u00e7\u00e3o de conte\u00fados como v\u00eddeos ou a partilha de conte\u00fados do s\u00edtio web em plataformas de redes sociais.\n<\/br>\n<strong>Prefer\u00eancias:<\/strong> Estes cookies ajudam-nos a armazenar as suas defini\u00e7\u00f5es e prefer\u00eancias de navega\u00e7\u00e3o como prefer\u00eancias lingu\u00edsticas, para que tenha uma experi\u00eancia melhor e mais eficiente em futuras visitas ao s\u00edtio web.\n<p>A lista abaixo detalha os cookies utilizados no nosso s\u00edtio web<\/p><table class=\"cookielawinfo-row-cat-table cookielawinfo-classic\"><thead><tr><th class=\"cookielawinfo-column-1\">Cookie<\/th><th class=\"cookielawinfo-column-4\">Descri\u00e7\u00e3o<\/th><\/tr><\/thead><tbody><tr class=\"cookielawinfo-row\"><td class=\"cookielawinfo-column-1\">cookielawinfo-checkbox-analytics<\/td><td class=\"cookielawinfo-column-4\">This cookie is set by GDPR Cookie Consent plugin. The cookie is used to store the user consent for the cookies in the category &#8220;Analytics&#8221;.<\/td><\/tr><tr class=\"cookielawinfo-row\"><td class=\"cookielawinfo-column-1\">cookielawinfo-checkbox-functional<\/td><td class=\"cookielawinfo-column-4\">The cookie is set by GDPR cookie consent to record the user consent for the cookies in the category &#8220;Functional&#8221;.<\/td><\/tr><tr class=\"cookielawinfo-row\"><td class=\"cookielawinfo-column-1\">cookielawinfo-checkbox-necessary<\/td><td class=\"cookielawinfo-column-4\">This cookie is set by GDPR Cookie Consent plugin. The cookies is used to store the user consent for the cookies in the category &#8220;Necessary&#8221;.<\/td><\/tr><tr class=\"cookielawinfo-row\"><td class=\"cookielawinfo-column-1\">cookielawinfo-checkbox-others<\/td><td class=\"cookielawinfo-column-4\">This cookie is set by GDPR Cookie Consent plugin. The cookie is used to store the user consent for the cookies in the category &#8220;Other.<\/td><\/tr><tr class=\"cookielawinfo-row\"><td class=\"cookielawinfo-column-1\">cookielawinfo-checkbox-performance<\/td><td class=\"cookielawinfo-column-4\">This cookie is set by GDPR Cookie Consent plugin. The cookie is used to store the user consent for the cookies in the category &#8220;Performance&#8221;.<\/td><\/tr><tr class=\"cookielawinfo-row\"><td class=\"cookielawinfo-column-1\">viewed_cookie_policy<\/td><td class=\"cookielawinfo-column-4\">The cookie is set by the GDPR Cookie Consent plugin and is used to store whether or not user has consented to the use of cookies. It does not store any personal data.<\/td><\/tr><\/tbody><\/table>.\n<\/br><\/br>\n<h2 style=\"color:#1261a6; font-weight:900; font-size:2em;\">Como posso controlar as prefer\u00eancias dos cookies?<\/h2>\nCaso decida alterar as suas prefer\u00eancias mais tarde atrav\u00e9s da sua sess\u00e3o de navega\u00e7\u00e3o, pode clicar no separador &#8220;Pol\u00edtica de Privacidade e Cookies&#8221; no seu ecr\u00e3. Isto ir\u00e1 exibir novamente o aviso de consentimento, permitindo-lhe alterar as suas prefer\u00eancias ou retirar totalmente o seu consentimento.\n\nAl\u00e9m disso, diferentes navegadores fornecem diferentes m\u00e9todos para bloquear e eliminar cookies utilizados pelos s\u00edtios web. Pode alterar as defini\u00e7\u00f5es do seu navegador para bloquear\/eliminar os cookies. Para saber mais sobre como gerir e eliminar cookies, visite wikipedia.org, www.allaboutcookies.org.\n\n<\/div>\t\t\t\t\t\t<\/div>\n\t\t\t\t<\/div>\n\t\t\t\t\t<\/div>\n\t\t<\/div>\n\t\t\t\t\t\t\t<\/div>\n\t\t<\/section>\n\t\t\t\t\t\t\t<\/div>\n\t\t","protected":false},"excerpt":{"rendered":"<p>Pol\u00edtica de cookies Esta Pol\u00edtica de Cookies explica o que s\u00e3o cookies e como os utilizamos, os tipos de cookies que utilizamos, ou seja, as informa\u00e7\u00f5es que recolhemos utilizando cookies e como essas informa\u00e7\u00f5es s\u00e3o utilizadas, e como controlar as prefer\u00eancias dos cookies. Para mais informa\u00e7\u00f5es sobre como utilizamos, armazenamos e mantemos os seus dados [&hellip;]<\/p>\n","protected":false},"author":1,"featured_media":0,"parent":0,"menu_order":0,"comment_status":"closed","ping_status":"closed","template":"elementor_header_footer","meta":{"footnotes":""},"class_list":["post-2564","page","type-page","status-publish","hentry"],"acf":[],"_links":{"self":[{"href":"https:\/\/nivel.com.br\/site\/index.php?rest_route=\/wp\/v2\/pages\/2564","targetHints":{"allow":["GET"]}}],"collection":[{"href":"https:\/\/nivel.com.br\/site\/index.php?rest_route=\/wp\/v2\/pages"}],"about":[{"href":"https:\/\/nivel.com.br\/site\/index.php?rest_route=\/wp\/v2\/types\/page"}],"author":[{"embeddable":true,"href":"https:\/\/nivel.com.br\/site\/index.php?rest_route=\/wp\/v2\/users\/1"}],"replies":[{"embeddable":true,"href":"https:\/\/nivel.com.br\/site\/index.php?rest_route=%2Fwp%2Fv2%2Fcomments&post=2564"}],"version-history":[{"count":53,"href":"https:\/\/nivel.com.br\/site\/index.php?rest_route=\/wp\/v2\/pages\/2564\/revisions"}],"predecessor-version":[{"id":4985,"href":"https:\/\/nivel.com.br\/site\/index.php?rest_route=\/wp\/v2\/pages\/2564\/revisions\/4985"}],"wp:attachment":[{"href":"https:\/\/nivel.com.br\/site\/index.php?rest_route=%2Fwp%2Fv2%2Fmedia&parent=2564"}],"curies":[{"name":"wp","href":"https:\/\/api.w.org\/{rel}","templated":true}]}}