{"id":2162,"date":"2021-09-01T23:13:55","date_gmt":"2021-09-02T02:13:55","guid":{"rendered":"https:\/\/niveldelivery2.builderallwp.com\/?page_id=2162"},"modified":"2021-11-10T21:43:17","modified_gmt":"2021-11-11T00:43:17","slug":"doorness-brasil","status":"publish","type":"page","link":"https:\/\/nivel.com.br\/site\/?page_id=2162","title":{"rendered":"Doorness Brasil"},"content":{"rendered":"\t\t<div data-elementor-type=\"wp-page\" data-elementor-id=\"2162\" class=\"elementor elementor-2162\">\n\t\t\t\t\t\t\t\t\t<section class=\"elementor-section elementor-top-section elementor-element elementor-element-afc86bc elementor-section-full_width elementor-section-height-default elementor-section-height-default\" data-id=\"afc86bc\" data-element_type=\"section\" data-settings=\"{&quot;background_background&quot;:&quot;classic&quot;}\">\n\t\t\t\t\t\t<div class=\"elementor-container elementor-column-gap-no\">\n\t\t\t\t\t<div class=\"elementor-column elementor-col-100 elementor-top-column elementor-element elementor-element-d3406ee\" data-id=\"d3406ee\" data-element_type=\"column\">\n\t\t\t<div class=\"elementor-widget-wrap elementor-element-populated\">\n\t\t\t\t\t\t\t\t<div class=\"elementor-element elementor-element-67b481e elementor-widget elementor-widget-button\" data-id=\"67b481e\" data-element_type=\"widget\" data-widget_type=\"button.default\">\n\t\t\t\t<div class=\"elementor-widget-container\">\n\t\t\t\t\t<div class=\"elementor-button-wrapper\">\n\t\t\t<a href=\"#nossos-apps\" class=\"elementor-button-link elementor-button elementor-size-md elementor-animation-grow\" role=\"button\">\n\t\t\t\t\t\t<span class=\"elementor-button-content-wrapper\">\n\t\t\t\t\t\t<span class=\"elementor-button-text\">Conhe\u00e7a nossos apps<\/span>\n\t\t<\/span>\n\t\t\t\t\t<\/a>\n\t\t<\/div>\n\t\t\t\t<\/div>\n\t\t\t\t<\/div>\n\t\t\t\t\t<\/div>\n\t\t<\/div>\n\t\t\t\t\t\t\t<\/div>\n\t\t<\/section>\n\t\t\t\t<section class=\"elementor-section elementor-top-section elementor-element elementor-element-33c2ed1 elementor-section-full_width elementor-section-height-default elementor-section-height-default\" data-id=\"33c2ed1\" data-element_type=\"section\">\n\t\t\t\t\t\t<div class=\"elementor-container elementor-column-gap-default\">\n\t\t\t\t\t<div class=\"elementor-column elementor-col-50 elementor-top-column elementor-element elementor-element-2cf74dd\" data-id=\"2cf74dd\" data-element_type=\"column\">\n\t\t\t<div class=\"elementor-widget-wrap elementor-element-populated\">\n\t\t\t\t\t\t\t\t<div class=\"elementor-element elementor-element-be63a1d elementor-widget elementor-widget-theme-post-featured-image elementor-widget-image\" data-id=\"be63a1d\" data-element_type=\"widget\" data-widget_type=\"theme-post-featured-image.default\">\n\t\t\t\t<div class=\"elementor-widget-container\">\n\t\t\t<style>\/*! elementor - v3.7.7 - 20-09-2022 *\/\n.elementor-widget-image{text-align:center}.elementor-widget-image a{display:inline-block}.elementor-widget-image a img[src$=\".svg\"]{width:48px}.elementor-widget-image img{vertical-align:middle;display:inline-block}<\/style>\t\t\t\t\t\t\t\t\t\t\t\t<img loading=\"lazy\" decoding=\"async\" width=\"640\" height=\"428\" src=\"https:\/\/nivel.com.br\/site\/wp-content\/uploads\/2021\/11\/sobre-doorness-brasil-2-1024x684.jpeg\" class=\"attachment-large size-large\" alt=\"\" srcset=\"https:\/\/nivel.com.br\/site\/wp-content\/uploads\/2021\/11\/sobre-doorness-brasil-2-1024x684.jpeg 1024w, https:\/\/nivel.com.br\/site\/wp-content\/uploads\/2021\/11\/sobre-doorness-brasil-2-300x200.jpeg 300w, https:\/\/nivel.com.br\/site\/wp-content\/uploads\/2021\/11\/sobre-doorness-brasil-2-768x513.jpeg 768w, https:\/\/nivel.com.br\/site\/wp-content\/uploads\/2021\/11\/sobre-doorness-brasil-2.jpeg 1200w\" sizes=\"auto, (max-width: 640px) 100vw, 640px\" \/>\t\t\t\t\t\t\t\t\t\t\t\t\t\t\t<\/div>\n\t\t\t\t<\/div>\n\t\t\t\t\t<\/div>\n\t\t<\/div>\n\t\t\t\t<div class=\"elementor-column elementor-col-50 elementor-top-column elementor-element elementor-element-ca6b870\" data-id=\"ca6b870\" data-element_type=\"column\">\n\t\t\t<div class=\"elementor-widget-wrap elementor-element-populated\">\n\t\t\t\t\t\t\t\t<div class=\"elementor-element elementor-element-d29e99b elementor-widget elementor-widget-heading generic-elements heading\" data-id=\"d29e99b\" data-element_type=\"widget\" data-widget_type=\"heading.default\">\n\t\t\t\t<div class=\"elementor-widget-container\">\n\t\t\t<style>\/*! elementor - v3.7.7 - 20-09-2022 *\/\n.elementor-heading-title{padding:0;margin:0;line-height:1}.elementor-widget-heading .elementor-heading-title[class*=elementor-size-]>a{color:inherit;font-size:inherit;line-height:inherit}.elementor-widget-heading .elementor-heading-title.elementor-size-small{font-size:15px}.elementor-widget-heading .elementor-heading-title.elementor-size-medium{font-size:19px}.elementor-widget-heading .elementor-heading-title.elementor-size-large{font-size:29px}.elementor-widget-heading .elementor-heading-title.elementor-size-xl{font-size:39px}.elementor-widget-heading .elementor-heading-title.elementor-size-xxl{font-size:59px}<\/style>        <div class=\"section_title generic-el-content\">\n            \n            <h3 class=\"elementor-inline-editing generic-el-title\" data-elementor-setting-key=\"title\">Somos mais que n\u00fameros<\/h3>\n                            <p>H\u00e1 seis anos, a Doorness Brasil nasceu com o desejo de ajudar pessoas a mudarem de vida. Olhar para tr\u00e1s e descobrir que, em t\u00e3o pouco tempo, fazemos parte do dia a dia de milh\u00f5es de pessoas, nos enche de orgulho e de vontade de fazer muito mais!<\/p>\n                    <\/div>\n\t\t<\/div>\n\t\t\t\t<\/div>\n\t\t\t\t\t<\/div>\n\t\t<\/div>\n\t\t\t\t\t\t\t<\/div>\n\t\t<\/section>\n\t\t\t\t<section class=\"elementor-section elementor-top-section elementor-element elementor-element-d414f16 elementor-section-full_width elementor-reverse-mobile elementor-section-height-default elementor-section-height-default\" data-id=\"d414f16\" data-element_type=\"section\">\n\t\t\t\t\t\t<div class=\"elementor-container elementor-column-gap-default\">\n\t\t\t\t\t<div class=\"elementor-column elementor-col-50 elementor-top-column elementor-element elementor-element-bf78b2a\" data-id=\"bf78b2a\" data-element_type=\"column\">\n\t\t\t<div class=\"elementor-widget-wrap elementor-element-populated\">\n\t\t\t\t\t\t\t\t<div class=\"elementor-element elementor-element-1f3c405 elementor-widget elementor-widget-heading generic-elements heading\" data-id=\"1f3c405\" data-element_type=\"widget\" data-widget_type=\"heading.default\">\n\t\t\t\t<div class=\"elementor-widget-container\">\n\t\t\t        <div class=\"section_title generic-el-content\">\n            \n            <h3 class=\"elementor-inline-editing generic-el-title\" data-elementor-setting-key=\"title\">Feita por brasileiros<\/h3>\n                            <p>Carregamos dentro de cada um de n\u00f3s, essa \"brasilidade\" que \u00e9 a ginga pra driblar os desafios. \u00c9 o nosso DNA, que nos impulsiona para continuar evoluindo, aprimorando e inovando para entregar sempre o melhor.<\/p>\n                    <\/div>\n\t\t<\/div>\n\t\t\t\t<\/div>\n\t\t\t\t\t<\/div>\n\t\t<\/div>\n\t\t\t\t<div class=\"elementor-column elementor-col-50 elementor-top-column elementor-element elementor-element-1614971\" data-id=\"1614971\" data-element_type=\"column\">\n\t\t\t<div class=\"elementor-widget-wrap elementor-element-populated\">\n\t\t\t\t\t\t\t\t<div class=\"elementor-element elementor-element-a352c34 elementor-widget elementor-widget-image\" data-id=\"a352c34\" data-element_type=\"widget\" data-widget_type=\"image.default\">\n\t\t\t\t<div class=\"elementor-widget-container\">\n\t\t\t\t\t\t\t\t\t\t\t\t\t\t\t<img loading=\"lazy\" decoding=\"async\" width=\"640\" height=\"428\" src=\"https:\/\/nivel.com.br\/site\/wp-content\/uploads\/2021\/11\/1made-in-brasil-nivel-1024x684.jpg\" class=\"attachment-large size-large\" alt=\"\" srcset=\"https:\/\/nivel.com.br\/site\/wp-content\/uploads\/2021\/11\/1made-in-brasil-nivel-1024x684.jpg 1024w, https:\/\/nivel.com.br\/site\/wp-content\/uploads\/2021\/11\/1made-in-brasil-nivel-300x200.jpg 300w, https:\/\/nivel.com.br\/site\/wp-content\/uploads\/2021\/11\/1made-in-brasil-nivel-768x513.jpg 768w, https:\/\/nivel.com.br\/site\/wp-content\/uploads\/2021\/11\/1made-in-brasil-nivel.jpg 1200w\" sizes=\"auto, (max-width: 640px) 100vw, 640px\" \/>\t\t\t\t\t\t\t\t\t\t\t\t\t\t\t<\/div>\n\t\t\t\t<\/div>\n\t\t\t\t\t<\/div>\n\t\t<\/div>\n\t\t\t\t\t\t\t<\/div>\n\t\t<\/section>\n\t\t\t\t<section class=\"elementor-section elementor-top-section elementor-element elementor-element-2627595 elementor-section-full_width elementor-section-height-default elementor-section-height-default\" data-id=\"2627595\" data-element_type=\"section\">\n\t\t\t\t\t\t<div class=\"elementor-container elementor-column-gap-default\">\n\t\t\t\t\t<div class=\"elementor-column elementor-col-50 elementor-top-column elementor-element elementor-element-21b15ef\" data-id=\"21b15ef\" data-element_type=\"column\">\n\t\t\t<div class=\"elementor-widget-wrap elementor-element-populated\">\n\t\t\t\t\t\t\t\t<div class=\"elementor-element elementor-element-33bf8c6 elementor-widget elementor-widget-theme-post-featured-image elementor-widget-image\" data-id=\"33bf8c6\" data-element_type=\"widget\" data-widget_type=\"theme-post-featured-image.default\">\n\t\t\t\t<div class=\"elementor-widget-container\">\n\t\t\t\t\t\t\t\t\t\t\t\t\t\t\t<img loading=\"lazy\" decoding=\"async\" width=\"640\" height=\"428\" src=\"https:\/\/nivel.com.br\/site\/wp-content\/uploads\/2021\/11\/sobre-doorness-brasil-4-1024x684.jpeg\" class=\"attachment-large size-large\" alt=\"\" srcset=\"https:\/\/nivel.com.br\/site\/wp-content\/uploads\/2021\/11\/sobre-doorness-brasil-4-1024x684.jpeg 1024w, https:\/\/nivel.com.br\/site\/wp-content\/uploads\/2021\/11\/sobre-doorness-brasil-4-300x200.jpeg 300w, https:\/\/nivel.com.br\/site\/wp-content\/uploads\/2021\/11\/sobre-doorness-brasil-4-768x513.jpeg 768w, https:\/\/nivel.com.br\/site\/wp-content\/uploads\/2021\/11\/sobre-doorness-brasil-4.jpeg 1200w\" sizes=\"auto, (max-width: 640px) 100vw, 640px\" \/>\t\t\t\t\t\t\t\t\t\t\t\t\t\t\t<\/div>\n\t\t\t\t<\/div>\n\t\t\t\t\t<\/div>\n\t\t<\/div>\n\t\t\t\t<div class=\"elementor-column elementor-col-50 elementor-top-column elementor-element elementor-element-af34017\" data-id=\"af34017\" data-element_type=\"column\">\n\t\t\t<div class=\"elementor-widget-wrap elementor-element-populated\">\n\t\t\t\t\t\t\t\t<div class=\"elementor-element elementor-element-c725ceb elementor-widget elementor-widget-heading generic-elements heading\" data-id=\"c725ceb\" data-element_type=\"widget\" data-widget_type=\"heading.default\">\n\t\t\t\t<div class=\"elementor-widget-container\">\n\t\t\t        <div class=\"section_title generic-el-content\">\n            \n            <h3 class=\"elementor-inline-editing generic-el-title\" data-elementor-setting-key=\"title\">Parceria que cresce junto com os neg\u00f3cios locais<\/h3>\n                            <p>A Doorness est\u00e1 presente em todos os estados do pa\u00eds, atrav\u00e9s de seus principais apps, o N\u00edvel Cashback e o N\u00edvel Delivery.\nJ\u00e1 s\u00e3o milhares de estabelecimentos e milh\u00f5es de consumidores conectados por nossas ideias inovadoras e nossa vis\u00e3o para ir al\u00e9m.<\/p>\n                    <\/div>\n\t\t<\/div>\n\t\t\t\t<\/div>\n\t\t\t\t\t<\/div>\n\t\t<\/div>\n\t\t\t\t\t\t\t<\/div>\n\t\t<\/section>\n\t\t\t\t<section class=\"elementor-section elementor-top-section elementor-element elementor-element-37a9944 elementor-section-content-middle elementor-section-full_width elementor-section-height-default elementor-section-height-default\" data-id=\"37a9944\" data-element_type=\"section\" id=\"nossos-apps\" data-settings=\"{&quot;background_background&quot;:&quot;classic&quot;}\">\n\t\t\t\t\t\t\t<div class=\"elementor-background-overlay\"><\/div>\n\t\t\t\t\t\t\t<div class=\"elementor-container elementor-column-gap-no\">\n\t\t\t\t\t<div class=\"elementor-column elementor-col-50 elementor-top-column elementor-element elementor-element-4ea83f5d\" data-id=\"4ea83f5d\" data-element_type=\"column\" data-settings=\"{&quot;background_background&quot;:&quot;classic&quot;}\">\n\t\t\t<div class=\"elementor-widget-wrap elementor-element-populated\">\n\t\t\t\t\t<div class=\"elementor-background-overlay\"><\/div>\n\t\t\t\t\t\t\t\t<div class=\"elementor-element elementor-element-1e52ae91 elementor-widget elementor-widget-heading generic-elements heading\" data-id=\"1e52ae91\" data-element_type=\"widget\" data-widget_type=\"heading.default\">\n\t\t\t\t<div class=\"elementor-widget-container\">\n\t\t\t        <div class=\"section_title generic-el-content\">\n                            <span class=\"sub_title generic-el-subtitle\">\n                    Seu dinheiro vale mais                <\/span>\n            \n            <h3 class=\"elementor-inline-editing generic-el-title\" data-elementor-setting-key=\"title\">N\u00edvel Cashback<\/h3>\n                            <p>\u00c9 muito mais que um aplicativo que une consumidores e empresas. O N\u00edvel \u00e9 a resposta \u00e0s necessidades de compra inteligente, de uso consciente do dinheiro e da inova\u00e7\u00e3o capaz de estabelecer uma forte conex\u00e3o entre quem compra e quem vende.\n<\/br> <\/br>\nSomos um app, mas valorizamos o contato, o estar frente \u00e0 frente, os desafios de fazer acontecer. Somos uma fam\u00edlia e queremos convid\u00e1-lo a fazer parte da nossa.<\/p>\n                    <\/div>\n\t\t<\/div>\n\t\t\t\t<\/div>\n\t\t\t\t<div class=\"elementor-element elementor-element-e879cce elementor-mobile-align-center elementor-widget elementor-widget-button\" data-id=\"e879cce\" data-element_type=\"widget\" data-widget_type=\"button.default\">\n\t\t\t\t<div class=\"elementor-widget-container\">\n\t\t\t\t\t<div class=\"elementor-button-wrapper\">\n\t\t\t<a href=\"https:\/\/nivel.com.br\/painel\/conta\/cadastro\" class=\"elementor-button-link elementor-button elementor-size-md\" role=\"button\">\n\t\t\t\t\t\t<span class=\"elementor-button-content-wrapper\">\n\t\t\t\t\t\t<span class=\"elementor-button-text\">Baixar app<\/span>\n\t\t<\/span>\n\t\t\t\t\t<\/a>\n\t\t<\/div>\n\t\t\t\t<\/div>\n\t\t\t\t<\/div>\n\t\t\t\t\t<\/div>\n\t\t<\/div>\n\t\t\t\t<div class=\"elementor-column elementor-col-50 elementor-top-column elementor-element elementor-element-176e4a77\" data-id=\"176e4a77\" data-element_type=\"column\">\n\t\t\t<div class=\"elementor-widget-wrap elementor-element-populated\">\n\t\t\t\t\t\t\t\t<div class=\"elementor-element elementor-element-57b46db7 elementor-widget elementor-widget-image\" data-id=\"57b46db7\" data-element_type=\"widget\" data-settings=\"{&quot;motion_fx_motion_fx_mouse&quot;:&quot;yes&quot;,&quot;motion_fx_mouseTrack_effect&quot;:&quot;yes&quot;,&quot;motion_fx_mouseTrack_speed&quot;:{&quot;unit&quot;:&quot;px&quot;,&quot;size&quot;:0.3,&quot;sizes&quot;:[]}}\" data-widget_type=\"image.default\">\n\t\t\t\t<div class=\"elementor-widget-container\">\n\t\t\t\t\t\t\t\t\t\t\t\t\t\t\t<img loading=\"lazy\" decoding=\"async\" width=\"567\" height=\"1088\" src=\"https:\/\/nivel.com.br\/site\/wp-content\/uploads\/2021\/11\/nivel-sobre-o-app.png\" class=\"attachment-full size-full\" alt=\"\" srcset=\"https:\/\/nivel.com.br\/site\/wp-content\/uploads\/2021\/11\/nivel-sobre-o-app.png 567w, https:\/\/nivel.com.br\/site\/wp-content\/uploads\/2021\/11\/nivel-sobre-o-app-156x300.png 156w, https:\/\/nivel.com.br\/site\/wp-content\/uploads\/2021\/11\/nivel-sobre-o-app-534x1024.png 534w\" sizes=\"auto, (max-width: 567px) 100vw, 567px\" \/>\t\t\t\t\t\t\t\t\t\t\t\t\t\t\t<\/div>\n\t\t\t\t<\/div>\n\t\t\t\t<div class=\"elementor-element elementor-element-31c065d4 elementor-widget__width-initial elementor-absolute elementor-widget-tablet__width-initial elementor-widget-mobile__width-initial elementor-widget elementor-widget-spacer\" data-id=\"31c065d4\" data-element_type=\"widget\" data-settings=\"{&quot;_position&quot;:&quot;absolute&quot;}\" data-widget_type=\"spacer.default\">\n\t\t\t\t<div class=\"elementor-widget-container\">\n\t\t\t<style>\/*! elementor - v3.7.7 - 20-09-2022 *\/\n.elementor-column .elementor-spacer-inner{height:var(--spacer-size)}.e-container{--container-widget-width:100%}.e-container>.elementor-widget-spacer{width:var(--container-widget-width,var(--spacer-size));-ms-flex-item-align:stretch;align-self:stretch;-ms-flex-negative:0;flex-shrink:0}.e-container>.elementor-widget-spacer>.elementor-widget-container,.e-container>.elementor-widget-spacer>.elementor-widget-container>.elementor-spacer{height:100%}.e-container>.elementor-widget-spacer>.elementor-widget-container>.elementor-spacer>.elementor-spacer-inner{height:var(--container-widget-height,var(--spacer-size))}<\/style>\t\t<div class=\"elementor-spacer\">\n\t\t\t<div class=\"elementor-spacer-inner\"><\/div>\n\t\t<\/div>\n\t\t\t\t<\/div>\n\t\t\t\t<\/div>\n\t\t\t\t\t<\/div>\n\t\t<\/div>\n\t\t\t\t\t\t\t<\/div>\n\t\t<\/section>\n\t\t\t\t<section class=\"elementor-section elementor-top-section elementor-element elementor-element-32fac2c9 elementor-section-content-middle elementor-section-full_width elementor-section-height-default elementor-section-height-default\" data-id=\"32fac2c9\" data-element_type=\"section\" data-settings=\"{&quot;background_background&quot;:&quot;gradient&quot;}\">\n\t\t\t\t\t\t<div class=\"elementor-container elementor-column-gap-no\">\n\t\t\t\t\t<div class=\"elementor-column elementor-col-50 elementor-top-column elementor-element elementor-element-1961fee1\" data-id=\"1961fee1\" data-element_type=\"column\">\n\t\t\t<div class=\"elementor-widget-wrap elementor-element-populated\">\n\t\t\t\t\t\t\t\t<div class=\"elementor-element elementor-element-6be35e80 elementor-widget__width-initial elementor-widget-tablet__width-initial elementor-widget-mobile__width-initial elementor-absolute elementor-aspect-ratio-169 elementor-invisible elementor-widget elementor-widget-video\" data-id=\"6be35e80\" data-element_type=\"widget\" data-settings=\"{&quot;youtube_url&quot;:&quot;https:\\\/\\\/www.youtube.com\\\/watch?v=DkgGD7mPZxs&quot;,&quot;show_image_overlay&quot;:&quot;yes&quot;,&quot;image_overlay&quot;:{&quot;url&quot;:&quot;https:\\\/\\\/homologawpnivel.jatweb.info\\\/site\\\/wp-content\\\/uploads\\\/2021\\\/11\\\/04af788f-image-1.jpg&quot;,&quot;id&quot;:3980},&quot;lightbox&quot;:&quot;yes&quot;,&quot;_position&quot;:&quot;absolute&quot;,&quot;_animation&quot;:&quot;zoomIn&quot;,&quot;video_type&quot;:&quot;youtube&quot;,&quot;controls&quot;:&quot;yes&quot;,&quot;aspect_ratio&quot;:&quot;169&quot;}\" data-widget_type=\"video.default\">\n\t\t\t\t<div class=\"elementor-widget-container\">\n\t\t\t<style>\/*! elementor - v3.7.7 - 20-09-2022 *\/\n.elementor-widget-video .elementor-widget-container{overflow:hidden;-webkit-transform:translateZ(0);transform:translateZ(0)}.elementor-widget-video .elementor-open-inline .elementor-custom-embed-image-overlay{position:absolute;top:0;left:0;width:100%;height:100%;background-size:cover;background-position:50%}.elementor-widget-video .elementor-custom-embed-image-overlay{cursor:pointer;text-align:center}.elementor-widget-video .elementor-custom-embed-image-overlay:hover .elementor-custom-embed-play i{opacity:1}.elementor-widget-video .elementor-custom-embed-image-overlay img{display:block;width:100%}.elementor-widget-video .e-hosted-video .elementor-video{-o-object-fit:cover;object-fit:cover}.e-container>.elementor-widget-video{width:var(--container-widget-width,100%)}<\/style>\t\t<div class=\"elementor-wrapper elementor-open-lightbox\">\n\t\t\t\t\t\t\t<div class=\"elementor-custom-embed-image-overlay\" data-elementor-open-lightbox=\"yes\" data-elementor-lightbox=\"{&quot;type&quot;:&quot;video&quot;,&quot;videoType&quot;:&quot;youtube&quot;,&quot;url&quot;:&quot;https:\\\/\\\/www.youtube.com\\\/embed\\\/DkgGD7mPZxs?feature=oembed&amp;start&amp;end&amp;wmode=opaque&amp;loop=0&amp;controls=1&amp;mute=0&amp;rel=0&amp;modestbranding=0&quot;,&quot;modalOptions&quot;:{&quot;id&quot;:&quot;elementor-lightbox-6be35e80&quot;,&quot;entranceAnimation&quot;:&quot;&quot;,&quot;entranceAnimation_tablet&quot;:&quot;&quot;,&quot;entranceAnimation_mobile&quot;:&quot;&quot;,&quot;videoAspectRatio&quot;:&quot;169&quot;}}\" e-action-hash=\"#elementor-action%3Aaction%3Dlightbox%26settings%3DeyJ0eXBlIjoidmlkZW8iLCJ2aWRlb1R5cGUiOiJ5b3V0dWJlIiwidXJsIjoiaHR0cHM6XC9cL3d3dy55b3V0dWJlLmNvbVwvZW1iZWRcL0RrZ0dEN21QWnhzP2ZlYXR1cmU9b2VtYmVkJnN0YXJ0JmVuZCZ3bW9kZT1vcGFxdWUmbG9vcD0wJmNvbnRyb2xzPTEmbXV0ZT0wJnJlbD0wJm1vZGVzdGJyYW5kaW5nPTAiLCJtb2RhbE9wdGlvbnMiOnsiaWQiOiJlbGVtZW50b3ItbGlnaHRib3gtNmJlMzVlODAiLCJlbnRyYW5jZUFuaW1hdGlvbiI6IiIsImVudHJhbmNlQW5pbWF0aW9uX3RhYmxldCI6IiIsImVudHJhbmNlQW5pbWF0aW9uX21vYmlsZSI6IiIsInZpZGVvQXNwZWN0UmF0aW8iOiIxNjkifX0%3D\">\n\t\t\t\t\t\t\t\t\t\t\t<img loading=\"lazy\" decoding=\"async\" width=\"300\" height=\"230\" src=\"https:\/\/nivel.com.br\/site\/wp-content\/uploads\/2021\/11\/04af788f-image-1.jpg\" class=\"attachment-full size-full\" alt=\"\" \/>\t\t\t\t\t\t\t\t\t\t\t\t\t\t\t\t<div class=\"elementor-custom-embed-play\" role=\"button\" aria-label=\"Reproduzir v\u00eddeo\" tabindex=\"0\">\n\t\t\t\t\t\t\t<i aria-hidden=\"true\" class=\"eicon-play\"><\/i>\t\t\t\t\t\t\t<span class=\"elementor-screen-only\">Reproduzir v\u00eddeo<\/span>\n\t\t\t\t\t\t<\/div>\n\t\t\t\t\t\t\t\t\t<\/div>\n\t\t\t\t\t<\/div>\n\t\t\t\t<\/div>\n\t\t\t\t<\/div>\n\t\t\t\t<div class=\"elementor-element elementor-element-2441ed48 elementor-widget elementor-widget-image\" data-id=\"2441ed48\" data-element_type=\"widget\" data-widget_type=\"image.default\">\n\t\t\t\t<div class=\"elementor-widget-container\">\n\t\t\t\t\t\t\t\t\t\t\t\t\t\t\t<img loading=\"lazy\" decoding=\"async\" width=\"500\" height=\"773\" src=\"https:\/\/nivel.com.br\/site\/wp-content\/uploads\/2021\/11\/delivery-sobre-o-app-e1635977624695.png\" class=\"attachment-full size-full\" alt=\"\" \/>\t\t\t\t\t\t\t\t\t\t\t\t\t\t\t<\/div>\n\t\t\t\t<\/div>\n\t\t\t\t<div class=\"elementor-element elementor-element-5c20caaa elementor-widget__width-auto elementor-absolute elementor-invisible elementor-widget elementor-widget-image\" data-id=\"5c20caaa\" data-element_type=\"widget\" data-settings=\"{&quot;motion_fx_motion_fx_mouse&quot;:&quot;yes&quot;,&quot;motion_fx_mouseTrack_effect&quot;:&quot;yes&quot;,&quot;motion_fx_mouseTrack_speed&quot;:{&quot;unit&quot;:&quot;px&quot;,&quot;size&quot;:0.2,&quot;sizes&quot;:[]},&quot;_animation&quot;:&quot;zoomIn&quot;,&quot;_position&quot;:&quot;absolute&quot;}\" data-widget_type=\"image.default\">\n\t\t\t\t<div class=\"elementor-widget-container\">\n\t\t\t\t\t\t\t\t\t\t\t\t\t\t\t<img loading=\"lazy\" decoding=\"async\" width=\"250\" height=\"250\" src=\"https:\/\/nivel.com.br\/site\/wp-content\/uploads\/2021\/11\/entregador-nivel.jpg\" class=\"attachment-full size-full\" alt=\"\" srcset=\"https:\/\/nivel.com.br\/site\/wp-content\/uploads\/2021\/11\/entregador-nivel.jpg 250w, https:\/\/nivel.com.br\/site\/wp-content\/uploads\/2021\/11\/entregador-nivel-150x150.jpg 150w\" sizes=\"auto, (max-width: 250px) 100vw, 250px\" \/>\t\t\t\t\t\t\t\t\t\t\t\t\t\t\t<\/div>\n\t\t\t\t<\/div>\n\t\t\t\t\t<\/div>\n\t\t<\/div>\n\t\t\t\t<div class=\"elementor-column elementor-col-50 elementor-top-column elementor-element elementor-element-5ca4ebaa\" data-id=\"5ca4ebaa\" data-element_type=\"column\">\n\t\t\t<div class=\"elementor-widget-wrap elementor-element-populated\">\n\t\t\t\t\t\t\t\t<div class=\"elementor-element elementor-element-28ae2dc7 elementor-widget elementor-widget-heading generic-elements heading\" data-id=\"28ae2dc7\" data-element_type=\"widget\" data-widget_type=\"heading.default\">\n\t\t\t\t<div class=\"elementor-widget-container\">\n\t\t\t        <div class=\"section_title generic-el-content\">\n                            <span class=\"sub_title generic-el-subtitle\">\n                    De um jeito inovador                <\/span>\n            \n            <h3 class=\"elementor-inline-editing generic-el-title\" data-elementor-setting-key=\"title\">Delivery de um jeito que voc\u00ea nunca viu.<\/h3>\n                            <p>Oferecemos nosso cat\u00e1logo digital gratuitamente para pequenos neg\u00f3cios ficarem mais pr\u00f3ximos dos seus clientes.\n<\/br><\/br>\nNos esfor\u00e7amos para oferecer um sistema simples e eficiente, que ajuda a colocar milhares de empresas, em todo o Brasil, no mundo digital.<\/p>\n                    <\/div>\n\t\t<\/div>\n\t\t\t\t<\/div>\n\t\t\t\t<div class=\"elementor-element elementor-element-5c652f47 elementor-widget__width-auto elementor-absolute elementor-widget elementor-widget-image\" data-id=\"5c652f47\" data-element_type=\"widget\" data-settings=\"{&quot;_position&quot;:&quot;absolute&quot;}\" data-widget_type=\"image.default\">\n\t\t\t\t<div class=\"elementor-widget-container\">\n\t\t\t\t\t\t\t\t\t\t\t\t\t\t\t<img loading=\"lazy\" decoding=\"async\" width=\"112\" height=\"102\" src=\"https:\/\/nivel.com.br\/site\/wp-content\/uploads\/2021\/11\/e1a18738-arrow-1-1.png\" class=\"attachment-full size-full\" alt=\"\" \/>\t\t\t\t\t\t\t\t\t\t\t\t\t\t\t<\/div>\n\t\t\t\t<\/div>\n\t\t\t\t\t<\/div>\n\t\t<\/div>\n\t\t\t\t\t\t\t<\/div>\n\t\t<\/section>\n\t\t\t\t\t\t\t<\/div>\n\t\t","protected":false},"excerpt":{"rendered":"<p>Estamos prontos para o futuro E a nossa miss\u00e3o \u00e9 transformar o mundo em um lugar cheio de boas oportunidades para todos. Quem quer o mesmo, vem com a gente. Conhe\u00e7a nossos Assistir v\u00eddeo Conhe\u00e7a nossos apps Somos mais que n\u00fameros H\u00e1 seis anos, a Doorness Brasil nasceu com o desejo de ajudar pessoas a [&hellip;]<\/p>\n","protected":false},"author":1,"featured_media":0,"parent":0,"menu_order":0,"comment_status":"closed","ping_status":"closed","template":"elementor_header_footer","meta":{"footnotes":""},"class_list":["post-2162","page","type-page","status-publish","hentry"],"acf":[],"_links":{"self":[{"href":"https:\/\/nivel.com.br\/site\/index.php?rest_route=\/wp\/v2\/pages\/2162","targetHints":{"allow":["GET"]}}],"collection":[{"href":"https:\/\/nivel.com.br\/site\/index.php?rest_route=\/wp\/v2\/pages"}],"about":[{"href":"https:\/\/nivel.com.br\/site\/index.php?rest_route=\/wp\/v2\/types\/page"}],"author":[{"embeddable":true,"href":"https:\/\/nivel.com.br\/site\/index.php?rest_route=\/wp\/v2\/users\/1"}],"replies":[{"embeddable":true,"href":"https:\/\/nivel.com.br\/site\/index.php?rest_route=%2Fwp%2Fv2%2Fcomments&post=2162"}],"version-history":[{"count":180,"href":"https:\/\/nivel.com.br\/site\/index.php?rest_route=\/wp\/v2\/pages\/2162\/revisions"}],"predecessor-version":[{"id":5553,"href":"https:\/\/nivel.com.br\/site\/index.php?rest_route=\/wp\/v2\/pages\/2162\/revisions\/5553"}],"wp:attachment":[{"href":"https:\/\/nivel.com.br\/site\/index.php?rest_route=%2Fwp%2Fv2%2Fmedia&parent=2162"}],"curies":[{"name":"wp","href":"https:\/\/api.w.org\/{rel}","templated":true}]}}